{"id":1743,"date":"2025-02-03T12:09:42","date_gmt":"2025-02-03T11:09:42","guid":{"rendered":"https:\/\/www.alpobletot.cat\/botiga\/ester-siuraneta\/?post_type=product&#038;p=1743"},"modified":"2025-04-02T10:57:50","modified_gmt":"2025-04-02T08:57:50","slug":"coctel-de-sabors-fruits-secs-puigdellivol","status":"publish","type":"product","link":"https:\/\/www.alpobletot.cat\/botiga\/ester-siuraneta\/producte\/coctel-de-sabors-fruits-secs-puigdellivol\/","title":{"rendered":"C\u00f2ctel de sabors &#8211; Fruits secs Puigdellivol"},"content":{"rendered":"<p>Ingredients: ametlles sense pell, nabius, festucs, nous i cireres.<\/p>\n<p>Aquest assortiment ofereix una \u00e0mplia varietat de sabors que captiven i satisfan. Es distingeix per la seva exquisida i \u00fanica combinaci\u00f3 de sabors intensos i dol\u00e7os. Gr\u00e0cies al proc\u00e9s de deshidrataci\u00f3 a baixa temperatura, es conserva l\u2019autenticitat del seu sabor i color.<\/p>\n<p>Perfecte com a opci\u00f3 per picar entre menjars, el seu env\u00e0s especial el fa f\u00e0cil de portar a qualsevol lloc.<\/p>\n<p>Quantitat: 100 grs<\/p>\n","protected":false},"excerpt":{"rendered":"<p>Ingredients: ametlles sense pell, nabius, festucs, nous i cireres. Aquest assortiment ofereix una \u00e0mplia varietat de sabors que captiven i satisfan. Es distingeix per la seva exquisida i \u00fanica combinaci\u00f3 de sabors intensos i dol\u00e7os. Gr\u00e0cies al proc\u00e9s de deshidrataci\u00f3 a baixa temperatura, es conserva l\u2019autenticitat del seu sabor i color. Perfecte com a opci\u00f3 [&hellip;]<\/p>\n","protected":false},"featured_media":2169,"template":"","meta":{"_acf_changed":false},"product_brand":[],"product_cat":[15,21],"product_tag":[],"class_list":{"0":"post-1743","1":"product","2":"type-product","3":"status-publish","4":"has-post-thumbnail","6":"product_cat-alimentacio","7":"product_cat-fruits-secs","9":"first","10":"instock","11":"taxable","12":"shipping-taxable","13":"purchasable","14":"product-type-simple"},"exclude_global_add_ons":false,"addons":[{"name":"Comentaris","type":"custom_textarea","position":0,"required":false,"title_format":"label","default":"","description_enable":true,"description":"Utilitzeu aquest espai per introduir comentaris addicionals sobre la comanda d\u2019aquest producte, que puguin ajudar a concretar millor el que necessiteu.","placeholder_enable":false,"placeholder":"","display":"select","restrictions_type":"any_text","adjust_price":false,"price":"","price_type":"flat_fee","restrictions":false,"min":"0","max":"0","options":[],"id":1741165014}],"acf":[],"_links":{"self":[{"href":"https:\/\/www.alpobletot.cat\/botiga\/ester-siuraneta\/wp-json\/wp\/v2\/product\/1743","targetHints":{"allow":["GET"]}}],"collection":[{"href":"https:\/\/www.alpobletot.cat\/botiga\/ester-siuraneta\/wp-json\/wp\/v2\/product"}],"about":[{"href":"https:\/\/www.alpobletot.cat\/botiga\/ester-siuraneta\/wp-json\/wp\/v2\/types\/product"}],"wp:featuredmedia":[{"embeddable":true,"href":"https:\/\/www.alpobletot.cat\/botiga\/ester-siuraneta\/wp-json\/wp\/v2\/media\/2169"}],"wp:attachment":[{"href":"https:\/\/www.alpobletot.cat\/botiga\/ester-siuraneta\/wp-json\/wp\/v2\/media?parent=1743"}],"wp:term":[{"taxonomy":"product_brand","embeddable":true,"href":"https:\/\/www.alpobletot.cat\/botiga\/ester-siuraneta\/wp-json\/wp\/v2\/product_brand?post=1743"},{"taxonomy":"product_cat","embeddable":true,"href":"https:\/\/www.alpobletot.cat\/botiga\/ester-siuraneta\/wp-json\/wp\/v2\/product_cat?post=1743"},{"taxonomy":"product_tag","embeddable":true,"href":"https:\/\/www.alpobletot.cat\/botiga\/ester-siuraneta\/wp-json\/wp\/v2\/product_tag?post=1743"}],"curies":[{"name":"wp","href":"https:\/\/api.w.org\/{rel}","templated":true}]}}