{"id":1742,"date":"2025-02-03T12:08:55","date_gmt":"2025-02-03T11:08:55","guid":{"rendered":"https:\/\/www.alpobletot.cat\/botiga\/ester-siuraneta\/?post_type=product&#038;p=1742"},"modified":"2025-04-02T10:57:33","modified_gmt":"2025-04-02T08:57:33","slug":"avellanes-fruits-secs-puigdellivol","status":"publish","type":"product","link":"https:\/\/www.alpobletot.cat\/botiga\/ester-siuraneta\/producte\/avellanes-fruits-secs-puigdellivol\/","title":{"rendered":"Avellanes &#8211; Fruits secs Puigdellivol"},"content":{"rendered":"<p>Aquesta fruita seca \u00e9s emblem\u00e0tica de la dieta mediterr\u00e0nia, oferint una explosi\u00f3 de sabors. El seu proc\u00e9s de deshidrataci\u00f3 lenta conserva el seu color i real\u00e7a el seu delici\u00f3s gust. A m\u00e9s, el seu env\u00e0s el converteix en l\u2019opci\u00f3 perfecta per portar-lo a qualsevol lloc.<\/p>\n<p>Quantitat: 100 grs<\/p>\n","protected":false},"excerpt":{"rendered":"<p>Aquesta fruita seca \u00e9s emblem\u00e0tica de la dieta mediterr\u00e0nia, oferint una explosi\u00f3 de sabors. El seu proc\u00e9s de deshidrataci\u00f3 lenta conserva el seu color i real\u00e7a el seu delici\u00f3s gust. A m\u00e9s, el seu env\u00e0s el converteix en l\u2019opci\u00f3 perfecta per portar-lo a qualsevol lloc. Quantitat: 100 grs<\/p>\n","protected":false},"featured_media":2168,"template":"","meta":{"_acf_changed":false},"product_brand":[],"product_cat":[15,21],"product_tag":[],"class_list":{"0":"post-1742","1":"product","2":"type-product","3":"status-publish","4":"has-post-thumbnail","6":"product_cat-alimentacio","7":"product_cat-fruits-secs","9":"first","10":"instock","11":"taxable","12":"shipping-taxable","13":"purchasable","14":"product-type-simple"},"exclude_global_add_ons":false,"addons":[{"name":"Comentaris","type":"custom_textarea","position":0,"required":false,"title_format":"label","default":"","description_enable":true,"description":"Utilitzeu aquest espai per introduir comentaris addicionals sobre la comanda d\u2019aquest producte, que puguin ajudar a concretar millor el que necessiteu.","placeholder_enable":false,"placeholder":"","display":"select","restrictions_type":"any_text","adjust_price":false,"price":"","price_type":"flat_fee","restrictions":false,"min":"0","max":"0","options":[],"id":1741165014}],"acf":[],"_links":{"self":[{"href":"https:\/\/www.alpobletot.cat\/botiga\/ester-siuraneta\/wp-json\/wp\/v2\/product\/1742","targetHints":{"allow":["GET"]}}],"collection":[{"href":"https:\/\/www.alpobletot.cat\/botiga\/ester-siuraneta\/wp-json\/wp\/v2\/product"}],"about":[{"href":"https:\/\/www.alpobletot.cat\/botiga\/ester-siuraneta\/wp-json\/wp\/v2\/types\/product"}],"wp:featuredmedia":[{"embeddable":true,"href":"https:\/\/www.alpobletot.cat\/botiga\/ester-siuraneta\/wp-json\/wp\/v2\/media\/2168"}],"wp:attachment":[{"href":"https:\/\/www.alpobletot.cat\/botiga\/ester-siuraneta\/wp-json\/wp\/v2\/media?parent=1742"}],"wp:term":[{"taxonomy":"product_brand","embeddable":true,"href":"https:\/\/www.alpobletot.cat\/botiga\/ester-siuraneta\/wp-json\/wp\/v2\/product_brand?post=1742"},{"taxonomy":"product_cat","embeddable":true,"href":"https:\/\/www.alpobletot.cat\/botiga\/ester-siuraneta\/wp-json\/wp\/v2\/product_cat?post=1742"},{"taxonomy":"product_tag","embeddable":true,"href":"https:\/\/www.alpobletot.cat\/botiga\/ester-siuraneta\/wp-json\/wp\/v2\/product_tag?post=1742"}],"curies":[{"name":"wp","href":"https:\/\/api.w.org\/{rel}","templated":true}]}}